{"id":116,"date":"2019-01-28T16:37:27","date_gmt":"2019-01-28T14:37:27","guid":{"rendered":"https:\/\/gslauenhagen.wordpress.com\/?page_id=116"},"modified":"2025-09-12T13:13:13","modified_gmt":"2025-09-12T11:13:13","slug":"schuldaten","status":"publish","type":"page","link":"https:\/\/grundschule-lauenhagen.de\/?page_id=116","title":{"rendered":"Schuldaten"},"content":{"rendered":"\n<p>Adresse:<br>Grundschule Lauenhagen<br>L\u00fcdersfelder Str. 21<br>31714 Lauenhagen<br>Schulleitung: Frau Heike Radecke<\/p>\n\n\n\n<p>B\u00fcrozeiten:<br>Mo: 8.00 Uhr &#8211; 10.30 Uhr<br>Di: 8.00 Uhr &#8211; 10.30 Uhr<br>Do: 8.00 Uhr &#8211; 14.00 Uhr<\/p>\n\n\n\n<p>B\u00fcro: Frau Weigmann-Silbernagel<\/p>\n\n\n\n<p> Tel: 05721 \/ 24 40<br>  <\/p>\n\n\n\n<p><\/p>\n\n\n\n<p>Die Geschichte unserer Schule geht bis vor 1900 zur\u00fcck. Am hiesigen Standort wurde die Schule im Jahr 2023 siebzig Jahre alt.<br>Aus einer in den Anf\u00e4ngen 1-klassigen Schule mit allen Jahrg\u00e4ngen ist zweiz\u00fcgige Grundschule mit zur Zeit rund 130 Sch\u00fclern geworden, verteilt auf 7 Klassen.<br>Das Kollegium besteht im Schuljahr 2025\/26 aus der Schulleiterin, 9 Lehrkr\u00e4ften und 1 F\u00f6rderschullehrkraft. Weiter sind an unserer Schule noch 4 P\u00e4dagogische Mitarbeiter f\u00fcr Betreuung und Vertretung t\u00e4tig.<br>Kinder, bei denen sonderp\u00e4dagogischer F\u00f6rderbedarf vorliegt oder dieser w\u00e4hrend des Schulbesuchs bei uns an der Grundschule festgestellt wird, verbleiben hier in der Grundschule und werden nach dem Kerncurriculum der Schule f\u00fcr Lernhilfe unterrichtet. <br>Wir sind st\u00e4ndig bestrebt, unsere Arbeit zu intensivieren und Qualit\u00e4t sicherzustellen. Dabei sind au\u00dfer laufender Fortbildung der Lehrerinnen und Lehrer die Gestaltung von Schulleben und engagierte Elternarbeit wichtige Bausteine.<\/p>\n","protected":false},"excerpt":{"rendered":"<p>Adresse:Grundschule LauenhagenL\u00fcdersfelder Str. 2131714 LauenhagenSchulleitung: Frau Heike Radecke B\u00fcrozeiten:Mo: 8.00 Uhr &#8211; 10.30 UhrDi: 8.00 Uhr &#8211; 10.30 UhrDo: 8.00 &hellip; <\/p>\n","protected":false},"author":1,"featured_media":0,"parent":0,"menu_order":0,"comment_status":"closed","ping_status":"closed","template":"","meta":{"ngg_post_thumbnail":0,"footnotes":""},"_links":{"self":[{"href":"https:\/\/grundschule-lauenhagen.de\/index.php?rest_route=\/wp\/v2\/pages\/116"}],"collection":[{"href":"https:\/\/grundschule-lauenhagen.de\/index.php?rest_route=\/wp\/v2\/pages"}],"about":[{"href":"https:\/\/grundschule-lauenhagen.de\/index.php?rest_route=\/wp\/v2\/types\/page"}],"author":[{"embeddable":true,"href":"https:\/\/grundschule-lauenhagen.de\/index.php?rest_route=\/wp\/v2\/users\/1"}],"replies":[{"embeddable":true,"href":"https:\/\/grundschule-lauenhagen.de\/index.php?rest_route=%2Fwp%2Fv2%2Fcomments&post=116"}],"version-history":[{"count":9,"href":"https:\/\/grundschule-lauenhagen.de\/index.php?rest_route=\/wp\/v2\/pages\/116\/revisions"}],"predecessor-version":[{"id":4828,"href":"https:\/\/grundschule-lauenhagen.de\/index.php?rest_route=\/wp\/v2\/pages\/116\/revisions\/4828"}],"wp:attachment":[{"href":"https:\/\/grundschule-lauenhagen.de\/index.php?rest_route=%2Fwp%2Fv2%2Fmedia&parent=116"}],"curies":[{"name":"wp","href":"https:\/\/api.w.org\/{rel}","templated":true}]}}