{"id":3393,"date":"2023-08-27T10:36:32","date_gmt":"2023-08-27T08:36:32","guid":{"rendered":"http:\/\/grundschule-lauenhagen.de\/?page_id=3393"},"modified":"2023-08-27T10:36:33","modified_gmt":"2023-08-27T08:36:33","slug":"stadtradeln","status":"publish","type":"page","link":"https:\/\/grundschule-lauenhagen.de\/?page_id=3393","title":{"rendered":"Stadtradeln"},"content":{"rendered":"\n<figure class=\"wp-block-image size-full\"><img loading=\"lazy\" decoding=\"async\" width=\"800\" height=\"533\" src=\"http:\/\/grundschule-lauenhagen.de\/wp-content\/uploads\/2023\/08\/stara.jpg\" alt=\"\" class=\"wp-image-3392\" srcset=\"https:\/\/grundschule-lauenhagen.de\/wp-content\/uploads\/2023\/08\/stara.jpg 800w, https:\/\/grundschule-lauenhagen.de\/wp-content\/uploads\/2023\/08\/stara-300x200.jpg 300w, https:\/\/grundschule-lauenhagen.de\/wp-content\/uploads\/2023\/08\/stara-768x512.jpg 768w\" sizes=\"(max-width: 800px) 100vw, 800px\" \/><\/figure>\n\n\n\n<p>Das erste Mal dabei und schon Sieger in der Samtgemeinde. Sehr flei\u00dfig haben die Sch\u00fclerinnen und Sch\u00fcler, Eltern und das Kollegium unserer Grundschule beim diesj\u00e4hrigen Stadtrradeln 8056 Kilometer erradelt. Als Auszeichnung f\u00fcr dieses tolle Leistung \u00fcbergab Herr Teepe vom Landkreis am 24. August der Schulgemeinschaft eine Urkunde. Herzlichen Gl\u00fcckwunsch. <\/p>\n","protected":false},"excerpt":{"rendered":"<p>Das erste Mal dabei und schon Sieger in der Samtgemeinde. Sehr flei\u00dfig haben die Sch\u00fclerinnen und Sch\u00fcler, Eltern und das &hellip; <\/p>\n","protected":false},"author":1,"featured_media":0,"parent":0,"menu_order":0,"comment_status":"closed","ping_status":"closed","template":"","meta":{"ngg_post_thumbnail":0,"footnotes":""},"_links":{"self":[{"href":"https:\/\/grundschule-lauenhagen.de\/index.php?rest_route=\/wp\/v2\/pages\/3393"}],"collection":[{"href":"https:\/\/grundschule-lauenhagen.de\/index.php?rest_route=\/wp\/v2\/pages"}],"about":[{"href":"https:\/\/grundschule-lauenhagen.de\/index.php?rest_route=\/wp\/v2\/types\/page"}],"author":[{"embeddable":true,"href":"https:\/\/grundschule-lauenhagen.de\/index.php?rest_route=\/wp\/v2\/users\/1"}],"replies":[{"embeddable":true,"href":"https:\/\/grundschule-lauenhagen.de\/index.php?rest_route=%2Fwp%2Fv2%2Fcomments&post=3393"}],"version-history":[{"count":1,"href":"https:\/\/grundschule-lauenhagen.de\/index.php?rest_route=\/wp\/v2\/pages\/3393\/revisions"}],"predecessor-version":[{"id":3394,"href":"https:\/\/grundschule-lauenhagen.de\/index.php?rest_route=\/wp\/v2\/pages\/3393\/revisions\/3394"}],"wp:attachment":[{"href":"https:\/\/grundschule-lauenhagen.de\/index.php?rest_route=%2Fwp%2Fv2%2Fmedia&parent=3393"}],"curies":[{"name":"wp","href":"https:\/\/api.w.org\/{rel}","templated":true}]}}