{"id":4249,"date":"2024-11-15T12:51:08","date_gmt":"2024-11-15T11:51:08","guid":{"rendered":"https:\/\/grundschule-lauenhagen.de\/?page_id=4249"},"modified":"2024-11-15T12:54:35","modified_gmt":"2024-11-15T11:54:35","slug":"vorlesetag","status":"publish","type":"page","link":"https:\/\/grundschule-lauenhagen.de\/?page_id=4249","title":{"rendered":"Vorlesetag"},"content":{"rendered":"\n<p>Am Internationalen Vorlesetag 15.11.24 drehte sich auch in der Grundschule Lauenhagen eine Schulstunde alles rund ums Buch.<br>Lehrkr\u00e4fte, P\u00e4dagogische Mitarbeiterinnen sowie andere Ehrenamtliche hatten tolle B\u00fccher f\u00fcr die Kinder ausgesucht. Gefreut haben wir uns auch sehr \u00fcber die Unterst\u00fctzung unseres Landrates Herrn J\u00f6rg Farr, der Ausz\u00fcge aus dem Buch \u201eDie kleine Hexe\u201c vorlas.<\/p>\n\n\n\n<figure class=\"wp-block-image size-full\"><img loading=\"lazy\" decoding=\"async\" width=\"800\" height=\"600\" src=\"https:\/\/grundschule-lauenhagen.de\/wp-content\/uploads\/2024\/11\/IMG_2276.jpg\" alt=\"\" class=\"wp-image-4251\" srcset=\"https:\/\/grundschule-lauenhagen.de\/wp-content\/uploads\/2024\/11\/IMG_2276.jpg 800w, https:\/\/grundschule-lauenhagen.de\/wp-content\/uploads\/2024\/11\/IMG_2276-300x225.jpg 300w, https:\/\/grundschule-lauenhagen.de\/wp-content\/uploads\/2024\/11\/IMG_2276-768x576.jpg 768w\" sizes=\"(max-width: 800px) 100vw, 800px\" \/><\/figure>\n","protected":false},"excerpt":{"rendered":"<p>Am Internationalen Vorlesetag 15.11.24 drehte sich auch in der Grundschule Lauenhagen eine Schulstunde alles rund ums Buch.Lehrkr\u00e4fte, P\u00e4dagogische Mitarbeiterinnen sowie &hellip; <\/p>\n","protected":false},"author":1,"featured_media":0,"parent":0,"menu_order":0,"comment_status":"closed","ping_status":"closed","template":"","meta":{"ngg_post_thumbnail":0,"footnotes":""},"_links":{"self":[{"href":"https:\/\/grundschule-lauenhagen.de\/index.php?rest_route=\/wp\/v2\/pages\/4249"}],"collection":[{"href":"https:\/\/grundschule-lauenhagen.de\/index.php?rest_route=\/wp\/v2\/pages"}],"about":[{"href":"https:\/\/grundschule-lauenhagen.de\/index.php?rest_route=\/wp\/v2\/types\/page"}],"author":[{"embeddable":true,"href":"https:\/\/grundschule-lauenhagen.de\/index.php?rest_route=\/wp\/v2\/users\/1"}],"replies":[{"embeddable":true,"href":"https:\/\/grundschule-lauenhagen.de\/index.php?rest_route=%2Fwp%2Fv2%2Fcomments&post=4249"}],"version-history":[{"count":2,"href":"https:\/\/grundschule-lauenhagen.de\/index.php?rest_route=\/wp\/v2\/pages\/4249\/revisions"}],"predecessor-version":[{"id":4253,"href":"https:\/\/grundschule-lauenhagen.de\/index.php?rest_route=\/wp\/v2\/pages\/4249\/revisions\/4253"}],"wp:attachment":[{"href":"https:\/\/grundschule-lauenhagen.de\/index.php?rest_route=%2Fwp%2Fv2%2Fmedia&parent=4249"}],"curies":[{"name":"wp","href":"https:\/\/api.w.org\/{rel}","templated":true}]}}