{"id":4470,"date":"2025-03-21T12:51:41","date_gmt":"2025-03-21T11:51:41","guid":{"rendered":"https:\/\/grundschule-lauenhagen.de\/?page_id=4470"},"modified":"2025-03-24T07:13:10","modified_gmt":"2025-03-24T06:13:10","slug":"uebergabe-der-naehmaschinen","status":"publish","type":"page","link":"https:\/\/grundschule-lauenhagen.de\/?page_id=4470","title":{"rendered":"\u00dcbergabe der N\u00e4hmaschinen"},"content":{"rendered":"\n<figure class=\"wp-block-image size-full\"><img loading=\"lazy\" decoding=\"async\" width=\"800\" height=\"600\" src=\"https:\/\/grundschule-lauenhagen.de\/wp-content\/uploads\/2025\/03\/IMG_3057.jpg\" alt=\"\" class=\"wp-image-4469\" srcset=\"https:\/\/grundschule-lauenhagen.de\/wp-content\/uploads\/2025\/03\/IMG_3057.jpg 800w, https:\/\/grundschule-lauenhagen.de\/wp-content\/uploads\/2025\/03\/IMG_3057-300x225.jpg 300w, https:\/\/grundschule-lauenhagen.de\/wp-content\/uploads\/2025\/03\/IMG_3057-768x576.jpg 768w\" sizes=\"(max-width: 800px) 100vw, 800px\" \/><\/figure>\n\n\n\n<p>Guter Tausch: Wolle gegen N\u00e4hmaschinen<\/p>\n\n\n\n<p>Eine gro\u00dfz\u00fcgige Wollspende der Familie Wilharm f\u00fcr den Fachbereich Textiles Gestalten machte den Erwerb zwei neuer N\u00e4hmaschinen m\u00f6glich.<br>Da der Textilbereich immer gerne Materialspenden entgegen nimmt, stimmte Frau Heyse dem Angebot der Familie Wilharm \u00fcber das Vorbeibringen von Wolle gerne zu. Die gro\u00dfen Mengen brachten Frau Heyse auf die Idee, wie schon bei der Dachbodenaufl\u00f6sung der Schule, die Wolle gegen Spende f\u00fcr den F\u00f6rderverein der Schule abzugeben. Familie Wilharm bef\u00fcrwortete die Idee und ebenfalls den Vorschlag, vom Erl\u00f6s eine N\u00e4hmaschine zu kaufen. Letztendlich konnten sogar zwei N\u00e4hmaschinen durch den ersten Vorsitzenden Herrn Scholta an den Fachbereich Textiles Gestalten \u00fcbergeben werden. Ein Dank an alle Spender!<\/p>\n","protected":false},"excerpt":{"rendered":"<p>Guter Tausch: Wolle gegen N\u00e4hmaschinen Eine gro\u00dfz\u00fcgige Wollspende der Familie Wilharm f\u00fcr den Fachbereich Textiles Gestalten machte den Erwerb zwei &hellip; <\/p>\n","protected":false},"author":1,"featured_media":0,"parent":0,"menu_order":0,"comment_status":"closed","ping_status":"closed","template":"","meta":{"ngg_post_thumbnail":0,"footnotes":""},"_links":{"self":[{"href":"https:\/\/grundschule-lauenhagen.de\/index.php?rest_route=\/wp\/v2\/pages\/4470"}],"collection":[{"href":"https:\/\/grundschule-lauenhagen.de\/index.php?rest_route=\/wp\/v2\/pages"}],"about":[{"href":"https:\/\/grundschule-lauenhagen.de\/index.php?rest_route=\/wp\/v2\/types\/page"}],"author":[{"embeddable":true,"href":"https:\/\/grundschule-lauenhagen.de\/index.php?rest_route=\/wp\/v2\/users\/1"}],"replies":[{"embeddable":true,"href":"https:\/\/grundschule-lauenhagen.de\/index.php?rest_route=%2Fwp%2Fv2%2Fcomments&post=4470"}],"version-history":[{"count":2,"href":"https:\/\/grundschule-lauenhagen.de\/index.php?rest_route=\/wp\/v2\/pages\/4470\/revisions"}],"predecessor-version":[{"id":4472,"href":"https:\/\/grundschule-lauenhagen.de\/index.php?rest_route=\/wp\/v2\/pages\/4470\/revisions\/4472"}],"wp:attachment":[{"href":"https:\/\/grundschule-lauenhagen.de\/index.php?rest_route=%2Fwp%2Fv2%2Fmedia&parent=4470"}],"curies":[{"name":"wp","href":"https:\/\/api.w.org\/{rel}","templated":true}]}}