{"id":4938,"date":"2025-10-29T15:21:03","date_gmt":"2025-10-29T14:21:03","guid":{"rendered":"https:\/\/grundschule-lauenhagen.de\/?page_id=4938"},"modified":"2026-04-20T19:04:20","modified_gmt":"2026-04-20T17:04:20","slug":"ag-bienen","status":"publish","type":"page","link":"https:\/\/grundschule-lauenhagen.de\/?page_id=4938","title":{"rendered":"AG Bienen"},"content":{"rendered":"\n<p>Infos von der Bienen-AG<\/p>\n\n\n\n<p>Seit September 2025 gibt es eine neue Bienen-AG an der Grundschule Lauenhagen.<\/p>\n\n\n\n<p>Jeden Dienstag erleben einige Sch\u00fcler*Innen aus verschiedenen Klassenstufen spannende Dinge in der Imkerei Hinse in L\u00fcdersfeld.&nbsp;<\/p>\n\n\n\n<p>So wurden bisher Schutzanz\u00fcge anprobiert, ein zu betreuendes Bienenvolk ausgesucht und der Name&nbsp;<strong>BIENINE<\/strong> vergeben, ein Namensschild gestaltet, der Aufbau eines Bienenstockes untersucht und Waben daraus entnommen, tote Bienen und Wespen betrachtet, verlassene Wespennester untersucht, Bienen gef\u00fcttert, Medikamente gegen die Varroamilbe verabreicht und viel \u00fcber den Umgang mit Bienen, deren Nahrung und Vermehrung gelernt. Nun wissen auch alle AG-Teilnehmer*Innen was zum Beispiel ein&nbsp;<strong>Smoker<\/strong>, <strong>Stockmei\u00dfel<\/strong>&nbsp;und <strong>Wetterschutzdeckel<\/strong> ist und wie man diese Dinge verwendet. Leider mussten die Bienen vor den Herbstferien in die Winterpause verabschiedet werden und sind erst im n\u00e4chsten M\u00e4rz wieder dazu bereit, den Bienenstock zu verlassen. Auch wenn bis dahin keine Bienen zu betrachten und betreuen sind, warten viele weitere und interessante Aufgaben auf die Teilnehmer*Innen der Bienen-AG. Aktuell ging es mit dem Anrufbus zum Pflanzenhof Stadthagen. Dort wurden gemeinsam jede Menge bienenfreundliche Stauden ausgesucht, die in einem neuen Bienenbeet ihren Platz finden sollen, das in den n\u00e4chsten Wochen angelegt wird. Da soll es dann im Fr\u00fchling und Sommer bl\u00fchen, sodass sich dort alle Wildbienen, Hummeln und viele andere Insekten wohlf\u00fchlen und summen. Viel gab es auf dem Pflanzenhof zu entdecken. Ein Mitarbeiter hat w\u00e4hrend eines spannenden Rundgangs leicht verst\u00e4ndliche Infos \u00fcber heimische und bienenfreundliche Pflanzen, B\u00e4ume und Geh\u00f6lze erz\u00e4hlt. Alle waren begeistert und haben -trotz Regen- mit viel Freude den Einkaufswagen randvoll mit Stauden gef\u00fcllt. Die Pflanzaktion kann also beginnen.<\/p>\n\n\n\n<div class=\"wp-block-columns is-layout-flex wp-container-core-columns-is-layout-1 wp-block-columns-is-layout-flex\">\n<div class=\"wp-block-column is-layout-flow wp-block-column-is-layout-flow\">\n<figure class=\"wp-block-image size-full\"><img loading=\"lazy\" decoding=\"async\" width=\"600\" height=\"800\" src=\"https:\/\/grundschule-lauenhagen.de\/wp-content\/uploads\/2025\/10\/Bienen25.jpg\" alt=\"\" class=\"wp-image-4952\" srcset=\"https:\/\/grundschule-lauenhagen.de\/wp-content\/uploads\/2025\/10\/Bienen25.jpg 600w, https:\/\/grundschule-lauenhagen.de\/wp-content\/uploads\/2025\/10\/Bienen25-225x300.jpg 225w\" sizes=\"(max-width: 600px) 100vw, 600px\" \/><\/figure>\n\n\n\n<figure class=\"wp-block-image size-full\"><img loading=\"lazy\" decoding=\"async\" width=\"600\" height=\"800\" src=\"https:\/\/grundschule-lauenhagen.de\/wp-content\/uploads\/2025\/11\/IMG_2019.jpg\" alt=\"\" class=\"wp-image-5033\" srcset=\"https:\/\/grundschule-lauenhagen.de\/wp-content\/uploads\/2025\/11\/IMG_2019.jpg 600w, https:\/\/grundschule-lauenhagen.de\/wp-content\/uploads\/2025\/11\/IMG_2019-225x300.jpg 225w\" sizes=\"(max-width: 600px) 100vw, 600px\" \/><\/figure>\n<\/div>\n\n\n\n<div class=\"wp-block-column is-layout-flow wp-block-column-is-layout-flow\">\n<figure class=\"wp-block-image size-full\"><img loading=\"lazy\" decoding=\"async\" width=\"600\" height=\"800\" src=\"https:\/\/grundschule-lauenhagen.de\/wp-content\/uploads\/2025\/10\/Bienen252.jpg\" alt=\"\" class=\"wp-image-4956\" srcset=\"https:\/\/grundschule-lauenhagen.de\/wp-content\/uploads\/2025\/10\/Bienen252.jpg 600w, https:\/\/grundschule-lauenhagen.de\/wp-content\/uploads\/2025\/10\/Bienen252-225x300.jpg 225w\" sizes=\"(max-width: 600px) 100vw, 600px\" \/><\/figure>\n<\/div>\n<\/div>\n\n\n\n<p>Wir stellen Saatkugeln her:<\/p>\n\n\n\n<div class=\"wp-block-columns is-layout-flex wp-container-core-columns-is-layout-2 wp-block-columns-is-layout-flex\">\n<div class=\"wp-block-column is-layout-flow wp-block-column-is-layout-flow\" style=\"flex-basis:100%\">\n<figure class=\"wp-block-image size-full is-resized\"><img loading=\"lazy\" decoding=\"async\" width=\"600\" height=\"800\" src=\"https:\/\/grundschule-lauenhagen.de\/wp-content\/uploads\/2025\/11\/image-3-rotated.jpg\" alt=\"\" class=\"wp-image-5031\" style=\"width:416px;height:auto\" srcset=\"https:\/\/grundschule-lauenhagen.de\/wp-content\/uploads\/2025\/11\/image-3-rotated.jpg 600w, https:\/\/grundschule-lauenhagen.de\/wp-content\/uploads\/2025\/11\/image-3-225x300.jpg 225w\" sizes=\"(max-width: 600px) 100vw, 600px\" \/><\/figure>\n\n\n\n<p>Die Bienen haben sich in ihren Bienenstock zur\u00fcckgezogen, alle Sch\u00fcler*innen der Bienen AG sind aber weiterhin flei\u00dfig: Bienenfreundliche Stauden wurden ausgesucht und in einem Beet angepflanzt, eine Benjes-Hecke wurde aufgeschichtet, Saatkugeln wurden hergestellt und Krokuszwiebeln auf Gr\u00fcnstreifen in Lauenhagen gepflanzt. Aktuell beginnt die Herstellung von Bienenhotels.<\/p>\n<\/div>\n<\/div>\n\n\n\n<p><strong>Neues von der Bienen-AG (28.01.2026):<\/strong><\/p>\n\n\n\n<p><strong>Die Bienen genie\u00dfen ihre Winterruhe. Was aber nicht bedeutet, dass die Sch\u00fcler und Sch\u00fclerrinnen der Bienen-AG Pause machen k\u00f6nnen: Es werden Bienenhotels aus Blechdosen und Bambusr\u00f6hrchen angefertigt, Kerzen aus Bienenwachsplatten gedreht, und die Zargen der Bienenstockk\u00e4sten gereinigt und bemalt. Im Rahmen einer Exkursion wird Totholz im Wald gesichtet, welches \u00fcberlebenswichtig f\u00fcr die Wildbienen ist. Nat\u00fcrlich wird auch der Imkerschuppen auf Fordermann gebracht, indem alle Materialien gereinigt, sortiert und gesichtet werden. Anschlie\u00dfend sind sich alle einig, dass diese nicht beliebte, aber notwendige Arbeit mehr Spa\u00df macht, als das eigene Zimmer aufzur\u00e4umen. Nachdem dann noch mehrere Bienenv\u00f6lker auf Klopfzeichen an ihren Bienenst\u00f6cken mit leisem Summen reagieren und somit klar ist, dass es ihnen gut geht, sind alle froh und zufrieden.<\/strong><\/p>\n\n\n\n<figure class=\"wp-block-image size-full is-resized\"><img loading=\"lazy\" decoding=\"async\" width=\"600\" height=\"800\" src=\"https:\/\/grundschule-lauenhagen.de\/wp-content\/uploads\/2025\/12\/B2.jpg\" alt=\"\" class=\"wp-image-5076\" style=\"width:392px;height:auto\" srcset=\"https:\/\/grundschule-lauenhagen.de\/wp-content\/uploads\/2025\/12\/B2.jpg 600w, https:\/\/grundschule-lauenhagen.de\/wp-content\/uploads\/2025\/12\/B2-225x300.jpg 225w\" sizes=\"(max-width: 600px) 100vw, 600px\" \/><\/figure>\n\n\n\n<figure class=\"wp-block-image size-full is-resized\"><img loading=\"lazy\" decoding=\"async\" width=\"600\" height=\"800\" src=\"https:\/\/grundschule-lauenhagen.de\/wp-content\/uploads\/2025\/12\/B4.jpg\" alt=\"\" class=\"wp-image-5077\" style=\"width:392px;height:auto\" srcset=\"https:\/\/grundschule-lauenhagen.de\/wp-content\/uploads\/2025\/12\/B4.jpg 600w, https:\/\/grundschule-lauenhagen.de\/wp-content\/uploads\/2025\/12\/B4-225x300.jpg 225w\" sizes=\"(max-width: 600px) 100vw, 600px\" \/><\/figure>\n\n\n\n<figure class=\"wp-block-image size-full is-resized\"><img loading=\"lazy\" decoding=\"async\" width=\"600\" height=\"800\" src=\"https:\/\/grundschule-lauenhagen.de\/wp-content\/uploads\/2025\/12\/C-1.jpg\" alt=\"\" class=\"wp-image-5091\" style=\"width:398px;height:auto\" srcset=\"https:\/\/grundschule-lauenhagen.de\/wp-content\/uploads\/2025\/12\/C-1.jpg 600w, https:\/\/grundschule-lauenhagen.de\/wp-content\/uploads\/2025\/12\/C-1-225x300.jpg 225w\" sizes=\"(max-width: 600px) 100vw, 600px\" \/><\/figure>\n\n\n\n<div class=\"wp-block-columns is-layout-flex wp-container-core-columns-is-layout-5 wp-block-columns-is-layout-flex\">\n<div class=\"wp-block-column is-layout-flow wp-block-column-is-layout-flow\" style=\"flex-basis:100%\">\n<div class=\"wp-block-group\"><div class=\"wp-block-group__inner-container is-layout-constrained wp-block-group-is-layout-constrained\">\n<div class=\"wp-block-columns is-layout-flex wp-container-core-columns-is-layout-4 wp-block-columns-is-layout-flex\">\n<div class=\"wp-block-column is-layout-flow wp-block-column-is-layout-flow\" style=\"flex-basis:100%\">\n<div class=\"wp-block-columns is-layout-flex wp-container-core-columns-is-layout-3 wp-block-columns-is-layout-flex\">\n<div class=\"wp-block-column is-layout-flow wp-block-column-is-layout-flow\">\n<div class=\"wp-block-cover\"><span aria-hidden=\"true\" class=\"wp-block-cover__background has-background-dim\"><\/span><img loading=\"lazy\" decoding=\"async\" width=\"600\" height=\"800\" class=\"wp-block-cover__image-background wp-image-5194\" alt=\"\" src=\"https:\/\/grundschule-lauenhagen.de\/wp-content\/uploads\/2026\/02\/A1-2-rotated.jpg\" data-object-fit=\"cover\" srcset=\"https:\/\/grundschule-lauenhagen.de\/wp-content\/uploads\/2026\/02\/A1-2-rotated.jpg 600w, https:\/\/grundschule-lauenhagen.de\/wp-content\/uploads\/2026\/02\/A1-2-225x300.jpg 225w\" sizes=\"(max-width: 600px) 100vw, 600px\" \/><div class=\"wp-block-cover__inner-container is-layout-flow wp-block-cover-is-layout-flow\">\n<p class=\"has-text-align-center has-large-font-size\">Bau von Wildbienen- hotels als Upcycling<\/p>\n<\/div><\/div>\n<\/div>\n\n\n\n<div class=\"wp-block-column is-layout-flow wp-block-column-is-layout-flow\">\n<div class=\"wp-block-cover\"><span aria-hidden=\"true\" class=\"wp-block-cover__background has-background-dim\"><\/span><img loading=\"lazy\" decoding=\"async\" width=\"600\" height=\"800\" class=\"wp-block-cover__image-background wp-image-5195\" alt=\"\" src=\"https:\/\/grundschule-lauenhagen.de\/wp-content\/uploads\/2026\/02\/A3-rotated.jpg\" data-object-fit=\"cover\" srcset=\"https:\/\/grundschule-lauenhagen.de\/wp-content\/uploads\/2026\/02\/A3-rotated.jpg 600w, https:\/\/grundschule-lauenhagen.de\/wp-content\/uploads\/2026\/02\/A3-225x300.jpg 225w\" sizes=\"(max-width: 600px) 100vw, 600px\" \/><div class=\"wp-block-cover__inner-container is-layout-flow wp-block-cover-is-layout-flow\">\n<p class=\"has-text-align-center has-large-font-size\">Bienen-                  v\u00f6lker im Winter sehen &amp; h\u00f6ren<\/p>\n<\/div><\/div>\n<\/div>\n\n\n\n<div class=\"wp-block-column is-layout-flow wp-block-column-is-layout-flow\">\n<div class=\"wp-block-cover\"><span aria-hidden=\"true\" class=\"wp-block-cover__background has-background-dim\"><\/span><img loading=\"lazy\" decoding=\"async\" width=\"600\" height=\"800\" class=\"wp-block-cover__image-background wp-image-5196\" alt=\"\" src=\"https:\/\/grundschule-lauenhagen.de\/wp-content\/uploads\/2026\/02\/A4-rotated.jpg\" data-object-fit=\"cover\" srcset=\"https:\/\/grundschule-lauenhagen.de\/wp-content\/uploads\/2026\/02\/A4-rotated.jpg 600w, https:\/\/grundschule-lauenhagen.de\/wp-content\/uploads\/2026\/02\/A4-225x300.jpg 225w\" sizes=\"(max-width: 600px) 100vw, 600px\" \/><div class=\"wp-block-cover__inner-container is-layout-flow wp-block-cover-is-layout-flow\">\n<p class=\"has-text-align-center has-large-font-size\">Besuch im Wilhelm Busch Museum<\/p>\n<\/div><\/div>\n<\/div>\n<\/div>\n<\/div>\n<\/div>\n<\/div><\/div>\n\n\n\n<p>Die Bienen-AG ist Anfang Februar in das Wilhelm Busch Geburtshaus nach Wiedensahl in die Sonderausstellung<strong>&nbsp;\u201eIn Gras und Bl\u00fcten summen Bienen &#8211; Wilhelm Busch und die Imkerei\u201c<\/strong>&nbsp;gefahren. Der Eintrittspreis wurde vom F\u00f6rderverein \u00fcbernommen. Herzlichen Dank an dieser Stelle daf\u00fcr! Damit sich der Besuch dort zeitlich lohnte, waren alle Sch\u00fcler und Sch\u00fclerinnen bereit, an dem Tag eine AG-Doppelstunde zu investieren. Viele interessante Dinge gab es zu bestaunen, und auch \u00fcber das Leben von Wilhelm Busch wurde anschaulich berichtet. Ende Februar startete eine M\u00fcllsammelaktion auf einem Freigel\u00e4nde hinter dem WEZ-Markt in Stadthagen. Dort stehen viele Bienenst\u00f6cke. Damit die Bienen u.a. nicht sch\u00e4dliches Plastik aufnehmen, ist es notwendig, das umliegende Gel\u00e4nde vom M\u00fcll zu befreien. Leider schmei\u00dfen vorbeigehende Passanten immer wieder ihren Abfall in die N\u00e4he der Bienenst\u00f6cke. Unglaublich, was alles gefunden wurde!&nbsp;<\/p>\n\n\n\n<p>Durch den Anstieg der Au\u00dfentemperatur schwirren die Bienen derzeit wieder aus. Das l\u00f6ste gro\u00dfe Freude bei den Sch\u00fclern und Sch\u00fclerinnen aus. Endlich konnten sie wieder in ihre Schutzanz\u00fcge schl\u00fcpfen und BIENINE besuchen. Das ist auch notwendig, denn die bereits bl\u00fchenden Krokusse und Schneegl\u00f6ckchen reichen nicht aus, um das ganze Bienenvolk zu versorgen. Also musste in Form einer s\u00fc\u00dfen Zuckerpaste zugef\u00fcttert werden. Diese haben die Bienen sofort aufgenommen. Alle sind froh, dass BIENINE gut durch den Winter gekommen ist.<\/p>\n<\/div>\n<\/div>\n\n\n\n<div class=\"wp-block-columns is-layout-flex wp-container-core-columns-is-layout-8 wp-block-columns-is-layout-flex\">\n<div class=\"wp-block-column is-layout-flow wp-block-column-is-layout-flow\" style=\"flex-basis:100%\">\n<div class=\"wp-block-columns is-layout-flex wp-container-core-columns-is-layout-6 wp-block-columns-is-layout-flex\">\n<div class=\"wp-block-column is-layout-flow wp-block-column-is-layout-flow\">\n<figure class=\"wp-block-image size-full\"><img loading=\"lazy\" decoding=\"async\" width=\"600\" height=\"800\" src=\"https:\/\/grundschule-lauenhagen.de\/wp-content\/uploads\/2026\/03\/U2-2-rotated.jpg\" alt=\"\" class=\"wp-image-5249\" srcset=\"https:\/\/grundschule-lauenhagen.de\/wp-content\/uploads\/2026\/03\/U2-2-rotated.jpg 600w, https:\/\/grundschule-lauenhagen.de\/wp-content\/uploads\/2026\/03\/U2-2-225x300.jpg 225w\" sizes=\"(max-width: 600px) 100vw, 600px\" \/><\/figure>\n<\/div>\n\n\n\n<div class=\"wp-block-column is-layout-flow wp-block-column-is-layout-flow\">\n<figure class=\"wp-block-image size-full\"><img loading=\"lazy\" decoding=\"async\" width=\"600\" height=\"800\" src=\"https:\/\/grundschule-lauenhagen.de\/wp-content\/uploads\/2026\/03\/U1-1-rotated.jpg\" alt=\"\" class=\"wp-image-5250\" srcset=\"https:\/\/grundschule-lauenhagen.de\/wp-content\/uploads\/2026\/03\/U1-1-rotated.jpg 600w, https:\/\/grundschule-lauenhagen.de\/wp-content\/uploads\/2026\/03\/U1-1-225x300.jpg 225w\" sizes=\"(max-width: 600px) 100vw, 600px\" \/><\/figure>\n<\/div>\n<\/div>\n\n\n\n<div class=\"wp-block-columns is-layout-flex wp-container-core-columns-is-layout-7 wp-block-columns-is-layout-flex\">\n<div class=\"wp-block-column is-layout-flow wp-block-column-is-layout-flow\">\n<figure class=\"wp-block-image size-full\"><img loading=\"lazy\" decoding=\"async\" width=\"600\" height=\"800\" src=\"https:\/\/grundschule-lauenhagen.de\/wp-content\/uploads\/2026\/03\/O1-2-rotated.jpg\" alt=\"\" class=\"wp-image-5271\" srcset=\"https:\/\/grundschule-lauenhagen.de\/wp-content\/uploads\/2026\/03\/O1-2-rotated.jpg 600w, https:\/\/grundschule-lauenhagen.de\/wp-content\/uploads\/2026\/03\/O1-2-225x300.jpg 225w\" sizes=\"(max-width: 600px) 100vw, 600px\" \/><\/figure>\n<\/div>\n\n\n\n<div class=\"wp-block-column is-layout-flow wp-block-column-is-layout-flow\">\n<figure class=\"wp-block-image size-full\"><img loading=\"lazy\" decoding=\"async\" width=\"600\" height=\"800\" src=\"https:\/\/grundschule-lauenhagen.de\/wp-content\/uploads\/2026\/03\/O2-2-rotated.jpg\" alt=\"\" class=\"wp-image-5272\" srcset=\"https:\/\/grundschule-lauenhagen.de\/wp-content\/uploads\/2026\/03\/O2-2-rotated.jpg 600w, https:\/\/grundschule-lauenhagen.de\/wp-content\/uploads\/2026\/03\/O2-2-225x300.jpg 225w\" sizes=\"(max-width: 600px) 100vw, 600px\" \/><\/figure>\n<\/div>\n<\/div>\n<\/div>\n<\/div>\n\n\n\n<p><strong><mark style=\"background-color:rgba(0, 0, 0, 0)\" class=\"has-inline-color has-luminous-vivid-amber-color\">14.04.2026: Besuch beim Obstbauern Wedeking<\/mark><\/strong><\/p>\n\n\n\n<div class=\"wp-block-columns is-layout-flex wp-container-core-columns-is-layout-9 wp-block-columns-is-layout-flex\">\n<div class=\"wp-block-column is-layout-flow wp-block-column-is-layout-flow\">\n<figure class=\"wp-block-image size-full\"><img loading=\"lazy\" decoding=\"async\" width=\"600\" height=\"800\" src=\"https:\/\/grundschule-lauenhagen.de\/wp-content\/uploads\/2026\/04\/M1-rotated.jpg\" alt=\"\" class=\"wp-image-5402\" srcset=\"https:\/\/grundschule-lauenhagen.de\/wp-content\/uploads\/2026\/04\/M1-rotated.jpg 600w, https:\/\/grundschule-lauenhagen.de\/wp-content\/uploads\/2026\/04\/M1-225x300.jpg 225w\" sizes=\"(max-width: 600px) 100vw, 600px\" \/><\/figure>\n<\/div>\n\n\n\n<div class=\"wp-block-column is-layout-flow wp-block-column-is-layout-flow\">\n<figure class=\"wp-block-image size-full\"><img loading=\"lazy\" decoding=\"async\" width=\"600\" height=\"800\" src=\"https:\/\/grundschule-lauenhagen.de\/wp-content\/uploads\/2026\/04\/M2-rotated.jpg\" alt=\"\" class=\"wp-image-5403\" srcset=\"https:\/\/grundschule-lauenhagen.de\/wp-content\/uploads\/2026\/04\/M2-rotated.jpg 600w, https:\/\/grundschule-lauenhagen.de\/wp-content\/uploads\/2026\/04\/M2-225x300.jpg 225w\" sizes=\"(max-width: 600px) 100vw, 600px\" \/><\/figure>\n<\/div>\n<\/div>\n","protected":false},"excerpt":{"rendered":"<p>Infos von der Bienen-AG Seit September 2025 gibt es eine neue Bienen-AG an der Grundschule Lauenhagen. Jeden Dienstag erleben einige &hellip; <\/p>\n","protected":false},"author":1,"featured_media":0,"parent":0,"menu_order":0,"comment_status":"closed","ping_status":"closed","template":"","meta":{"ngg_post_thumbnail":0,"footnotes":""},"_links":{"self":[{"href":"https:\/\/grundschule-lauenhagen.de\/index.php?rest_route=\/wp\/v2\/pages\/4938"}],"collection":[{"href":"https:\/\/grundschule-lauenhagen.de\/index.php?rest_route=\/wp\/v2\/pages"}],"about":[{"href":"https:\/\/grundschule-lauenhagen.de\/index.php?rest_route=\/wp\/v2\/types\/page"}],"author":[{"embeddable":true,"href":"https:\/\/grundschule-lauenhagen.de\/index.php?rest_route=\/wp\/v2\/users\/1"}],"replies":[{"embeddable":true,"href":"https:\/\/grundschule-lauenhagen.de\/index.php?rest_route=%2Fwp%2Fv2%2Fcomments&post=4938"}],"version-history":[{"count":15,"href":"https:\/\/grundschule-lauenhagen.de\/index.php?rest_route=\/wp\/v2\/pages\/4938\/revisions"}],"predecessor-version":[{"id":5405,"href":"https:\/\/grundschule-lauenhagen.de\/index.php?rest_route=\/wp\/v2\/pages\/4938\/revisions\/5405"}],"wp:attachment":[{"href":"https:\/\/grundschule-lauenhagen.de\/index.php?rest_route=%2Fwp%2Fv2%2Fmedia&parent=4938"}],"curies":[{"name":"wp","href":"https:\/\/api.w.org\/{rel}","templated":true}]}}