{"id":4965,"date":"2025-11-09T10:27:33","date_gmt":"2025-11-09T09:27:33","guid":{"rendered":"https:\/\/grundschule-lauenhagen.de\/?page_id=4965"},"modified":"2025-11-12T16:22:27","modified_gmt":"2025-11-12T15:22:27","slug":"laternenumzug","status":"publish","type":"page","link":"https:\/\/grundschule-lauenhagen.de\/?page_id=4965","title":{"rendered":"Laternenumzug"},"content":{"rendered":"\n<p>Am Mittwoch, den 5.11.2025 fand ein gemeinsamer Laternenumzug unserer Grundschule statt. Vom Gel\u00e4nde der Feuerwehr Lauenhagen\/Nordsehl ging es mit musikalischer Begleitung des Posaunenchores durch den Ort und wieder zur\u00fcck.<br>Im Anschluss konnte man sich mit W\u00fcrstchen und Getr\u00e4nken st\u00e4rken.<br>Ein herzlicher Dank geht an den F\u00f6rderverein unserer Schule, der den Laternenumzug und die Bek\u00f6stigung perfekt geplant hatte und an den Posaunenchor, der f\u00fcr die heimelige Stimmung sorgte.<\/p>\n\n\n\n<p>Wir freuen uns alle auf ein n\u00e4chstes Mal.<\/p>\n\n\n\n<figure class=\"wp-block-image size-full\"><img loading=\"lazy\" decoding=\"async\" width=\"786\" height=\"590\" src=\"https:\/\/grundschule-lauenhagen.de\/wp-content\/uploads\/2025\/11\/IMG_5133.jpg\" alt=\"\" class=\"wp-image-4967\" srcset=\"https:\/\/grundschule-lauenhagen.de\/wp-content\/uploads\/2025\/11\/IMG_5133.jpg 786w, https:\/\/grundschule-lauenhagen.de\/wp-content\/uploads\/2025\/11\/IMG_5133-300x225.jpg 300w, https:\/\/grundschule-lauenhagen.de\/wp-content\/uploads\/2025\/11\/IMG_5133-768x576.jpg 768w\" sizes=\"(max-width: 786px) 100vw, 786px\" \/><\/figure>\n\n\n\n<figure class=\"wp-block-video\"><video controls src=\"https:\/\/grundschule-lauenhagen.de\/wp-content\/uploads\/2025\/11\/IMG_5126.mov\"><\/video><\/figure>\n","protected":false},"excerpt":{"rendered":"<p>Am Mittwoch, den 5.11.2025 fand ein gemeinsamer Laternenumzug unserer Grundschule statt. Vom Gel\u00e4nde der Feuerwehr Lauenhagen\/Nordsehl ging es mit musikalischer &hellip; <\/p>\n","protected":false},"author":1,"featured_media":0,"parent":0,"menu_order":0,"comment_status":"closed","ping_status":"closed","template":"","meta":{"ngg_post_thumbnail":0,"footnotes":""},"_links":{"self":[{"href":"https:\/\/grundschule-lauenhagen.de\/index.php?rest_route=\/wp\/v2\/pages\/4965"}],"collection":[{"href":"https:\/\/grundschule-lauenhagen.de\/index.php?rest_route=\/wp\/v2\/pages"}],"about":[{"href":"https:\/\/grundschule-lauenhagen.de\/index.php?rest_route=\/wp\/v2\/types\/page"}],"author":[{"embeddable":true,"href":"https:\/\/grundschule-lauenhagen.de\/index.php?rest_route=\/wp\/v2\/users\/1"}],"replies":[{"embeddable":true,"href":"https:\/\/grundschule-lauenhagen.de\/index.php?rest_route=%2Fwp%2Fv2%2Fcomments&post=4965"}],"version-history":[{"count":3,"href":"https:\/\/grundschule-lauenhagen.de\/index.php?rest_route=\/wp\/v2\/pages\/4965\/revisions"}],"predecessor-version":[{"id":4986,"href":"https:\/\/grundschule-lauenhagen.de\/index.php?rest_route=\/wp\/v2\/pages\/4965\/revisions\/4986"}],"wp:attachment":[{"href":"https:\/\/grundschule-lauenhagen.de\/index.php?rest_route=%2Fwp%2Fv2%2Fmedia&parent=4965"}],"curies":[{"name":"wp","href":"https:\/\/api.w.org\/{rel}","templated":true}]}}