{"id":4971,"date":"2025-11-12T13:45:14","date_gmt":"2025-11-12T12:45:14","guid":{"rendered":"https:\/\/grundschule-lauenhagen.de\/?page_id=4971"},"modified":"2025-11-12T13:59:39","modified_gmt":"2025-11-12T12:59:39","slug":"voelkerballturnier-2026","status":"publish","type":"page","link":"https:\/\/grundschule-lauenhagen.de\/?page_id=4971","title":{"rendered":"V\u00f6lkerballturnier 2025"},"content":{"rendered":"\n<p>Am 11.11.2025 beteiligte sich die Grundschule Lauenhagen erfolgreich am V\u00f6lkerballturnier, das dieses Jahr in der Sporthalle der Grundschule Obernkirchen ausgetragen wurde.<\/p>\n\n\n\n<p>Mit gro\u00dfer Freude wurde der f\u00fcnfte von acht Pl\u00e4tzen erzielt.<\/p>\n\n\n\n<figure class=\"wp-block-image size-full is-resized\"><img loading=\"lazy\" decoding=\"async\" width=\"800\" height=\"600\" src=\"https:\/\/grundschule-lauenhagen.de\/wp-content\/uploads\/2025\/11\/Voelkerballturnier-rotated-e1762951950197.jpg\" alt=\"\" class=\"wp-image-4974\" style=\"width:505px;height:auto\" srcset=\"https:\/\/grundschule-lauenhagen.de\/wp-content\/uploads\/2025\/11\/Voelkerballturnier-rotated-e1762951950197.jpg 800w, https:\/\/grundschule-lauenhagen.de\/wp-content\/uploads\/2025\/11\/Voelkerballturnier-rotated-e1762951950197-300x225.jpg 300w, https:\/\/grundschule-lauenhagen.de\/wp-content\/uploads\/2025\/11\/Voelkerballturnier-rotated-e1762951950197-768x576.jpg 768w\" sizes=\"(max-width: 800px) 100vw, 800px\" \/><\/figure>\n\n\n\n<figure class=\"wp-block-image size-full is-resized\"><img loading=\"lazy\" decoding=\"async\" width=\"800\" height=\"600\" src=\"https:\/\/grundschule-lauenhagen.de\/wp-content\/uploads\/2025\/11\/Voelki-2.jpg\" alt=\"\" class=\"wp-image-4981\" style=\"width:509px;height:auto\" srcset=\"https:\/\/grundschule-lauenhagen.de\/wp-content\/uploads\/2025\/11\/Voelki-2.jpg 800w, https:\/\/grundschule-lauenhagen.de\/wp-content\/uploads\/2025\/11\/Voelki-2-300x225.jpg 300w, https:\/\/grundschule-lauenhagen.de\/wp-content\/uploads\/2025\/11\/Voelki-2-768x576.jpg 768w\" sizes=\"(max-width: 800px) 100vw, 800px\" \/><\/figure>\n","protected":false},"excerpt":{"rendered":"<p>Am 11.11.2025 beteiligte sich die Grundschule Lauenhagen erfolgreich am V\u00f6lkerballturnier, das dieses Jahr in der Sporthalle der Grundschule Obernkirchen ausgetragen &hellip; <\/p>\n","protected":false},"author":1,"featured_media":0,"parent":0,"menu_order":0,"comment_status":"closed","ping_status":"closed","template":"","meta":{"ngg_post_thumbnail":0,"footnotes":""},"_links":{"self":[{"href":"https:\/\/grundschule-lauenhagen.de\/index.php?rest_route=\/wp\/v2\/pages\/4971"}],"collection":[{"href":"https:\/\/grundschule-lauenhagen.de\/index.php?rest_route=\/wp\/v2\/pages"}],"about":[{"href":"https:\/\/grundschule-lauenhagen.de\/index.php?rest_route=\/wp\/v2\/types\/page"}],"author":[{"embeddable":true,"href":"https:\/\/grundschule-lauenhagen.de\/index.php?rest_route=\/wp\/v2\/users\/1"}],"replies":[{"embeddable":true,"href":"https:\/\/grundschule-lauenhagen.de\/index.php?rest_route=%2Fwp%2Fv2%2Fcomments&post=4971"}],"version-history":[{"count":7,"href":"https:\/\/grundschule-lauenhagen.de\/index.php?rest_route=\/wp\/v2\/pages\/4971\/revisions"}],"predecessor-version":[{"id":4983,"href":"https:\/\/grundschule-lauenhagen.de\/index.php?rest_route=\/wp\/v2\/pages\/4971\/revisions\/4983"}],"wp:attachment":[{"href":"https:\/\/grundschule-lauenhagen.de\/index.php?rest_route=%2Fwp%2Fv2%2Fmedia&parent=4971"}],"curies":[{"name":"wp","href":"https:\/\/api.w.org\/{rel}","templated":true}]}}