{"id":5017,"date":"2025-11-17T17:03:36","date_gmt":"2025-11-17T16:03:36","guid":{"rendered":"https:\/\/grundschule-lauenhagen.de\/?page_id=5017"},"modified":"2025-11-18T07:40:41","modified_gmt":"2025-11-18T06:40:41","slug":"handballaktionstag-17-11-2025","status":"publish","type":"page","link":"https:\/\/grundschule-lauenhagen.de\/?page_id=5017","title":{"rendered":"Handballaktionstag 17.11.2025"},"content":{"rendered":"\n<figure class=\"wp-block-image size-full\"><img loading=\"lazy\" decoding=\"async\" width=\"600\" height=\"450\" src=\"https:\/\/grundschule-lauenhagen.de\/wp-content\/uploads\/2025\/11\/IMG_5307.jpg\" alt=\"\" class=\"wp-image-5018\" srcset=\"https:\/\/grundschule-lauenhagen.de\/wp-content\/uploads\/2025\/11\/IMG_5307.jpg 600w, https:\/\/grundschule-lauenhagen.de\/wp-content\/uploads\/2025\/11\/IMG_5307-300x225.jpg 300w\" sizes=\"(max-width: 600px) 100vw, 600px\" \/><\/figure>\n\n\n\n<p>Am 17.11.25 konnte mit Unterst\u00fctzung des MTV Auhagen, Frau Nicole Krubba und weiteren Helfer\/-innen zum zweiten Mal der Handball-Grundschulaktionstag in der Turnhalle in Pollhagen durchgef\u00fchrt werden. An f\u00fcnf verschiedenen Stationen konnten die Dritt- und Viertkl\u00e4ssler ihr Ballgef\u00fchl unter Beweis stellen und Punkte f\u00fcr den Hanniball-Pass sammeln.<\/p>\n","protected":false},"excerpt":{"rendered":"<p>Am 17.11.25 konnte mit Unterst\u00fctzung des MTV Auhagen, Frau Nicole Krubba und weiteren Helfer\/-innen zum zweiten Mal der Handball-Grundschulaktionstag in &hellip; <\/p>\n","protected":false},"author":1,"featured_media":0,"parent":0,"menu_order":0,"comment_status":"closed","ping_status":"closed","template":"","meta":{"ngg_post_thumbnail":0,"footnotes":""},"_links":{"self":[{"href":"https:\/\/grundschule-lauenhagen.de\/index.php?rest_route=\/wp\/v2\/pages\/5017"}],"collection":[{"href":"https:\/\/grundschule-lauenhagen.de\/index.php?rest_route=\/wp\/v2\/pages"}],"about":[{"href":"https:\/\/grundschule-lauenhagen.de\/index.php?rest_route=\/wp\/v2\/types\/page"}],"author":[{"embeddable":true,"href":"https:\/\/grundschule-lauenhagen.de\/index.php?rest_route=\/wp\/v2\/users\/1"}],"replies":[{"embeddable":true,"href":"https:\/\/grundschule-lauenhagen.de\/index.php?rest_route=%2Fwp%2Fv2%2Fcomments&post=5017"}],"version-history":[{"count":3,"href":"https:\/\/grundschule-lauenhagen.de\/index.php?rest_route=\/wp\/v2\/pages\/5017\/revisions"}],"predecessor-version":[{"id":5026,"href":"https:\/\/grundschule-lauenhagen.de\/index.php?rest_route=\/wp\/v2\/pages\/5017\/revisions\/5026"}],"wp:attachment":[{"href":"https:\/\/grundschule-lauenhagen.de\/index.php?rest_route=%2Fwp%2Fv2%2Fmedia&parent=5017"}],"curies":[{"name":"wp","href":"https:\/\/api.w.org\/{rel}","templated":true}]}}