{"id":5094,"date":"2025-12-18T15:56:47","date_gmt":"2025-12-18T14:56:47","guid":{"rendered":"https:\/\/grundschule-lauenhagen.de\/?page_id=5094"},"modified":"2026-01-07T13:05:48","modified_gmt":"2026-01-07T12:05:48","slug":"150-weihnachtskarten-fuer-2-pflegeheime","status":"publish","type":"page","link":"https:\/\/grundschule-lauenhagen.de\/?page_id=5094","title":{"rendered":"150 Weihnachtskarten f\u00fcr 2 Pflegeheime"},"content":{"rendered":"\n<p>Heute, den 18.12.2025, war es endlich so weit:<\/p>\n\n\n\n<p>Unsere \u00fcber 150 m\u00fchevoll geschriebenen Weihnachtskarten wurden den beiden Pflegeheimen &#8222;Seniorenresidenz Alte Forsthaus&#8220; (W\u00f6lpinghausen) und &#8222;&#8220;Erlen Residenz Emida&#8220; (Meerbeck) \u00fcbergeben &#8211; Die Freude war auf beiden Seiten riesig!<\/p>\n\n\n\n<p>Der gr\u00f6\u00dfte Dank geb\u00fchrt an dieser Stelle aber unseren flei\u00dfigen Kartenschreiber\/-innen in allen Jahrg\u00e4ngen &#8211; Ihr habt gro\u00dfartige Arbeit geleistet!<\/p>\n\n\n\n<div class=\"wp-block-columns is-layout-flex wp-container-core-columns-is-layout-1 wp-block-columns-is-layout-flex\">\n<div class=\"wp-block-column is-layout-flow wp-block-column-is-layout-flow\">\n<figure class=\"wp-block-image size-full\"><img loading=\"lazy\" decoding=\"async\" width=\"600\" height=\"800\" src=\"https:\/\/grundschule-lauenhagen.de\/wp-content\/uploads\/2026\/01\/D2-rotated.jpg\" alt=\"\" class=\"wp-image-5148\" srcset=\"https:\/\/grundschule-lauenhagen.de\/wp-content\/uploads\/2026\/01\/D2-rotated.jpg 600w, https:\/\/grundschule-lauenhagen.de\/wp-content\/uploads\/2026\/01\/D2-225x300.jpg 225w\" sizes=\"(max-width: 600px) 100vw, 600px\" \/><\/figure>\n<\/div>\n\n\n\n<div class=\"wp-block-column is-layout-flow wp-block-column-is-layout-flow\">\n<figure class=\"wp-block-image size-full\"><img loading=\"lazy\" decoding=\"async\" width=\"600\" height=\"800\" src=\"https:\/\/grundschule-lauenhagen.de\/wp-content\/uploads\/2026\/01\/D1-rotated.jpg\" alt=\"\" class=\"wp-image-5149\" srcset=\"https:\/\/grundschule-lauenhagen.de\/wp-content\/uploads\/2026\/01\/D1-rotated.jpg 600w, https:\/\/grundschule-lauenhagen.de\/wp-content\/uploads\/2026\/01\/D1-225x300.jpg 225w\" sizes=\"(max-width: 600px) 100vw, 600px\" \/><\/figure>\n<\/div>\n<\/div>\n","protected":false},"excerpt":{"rendered":"<p>Heute, den 18.12.2025, war es endlich so weit: Unsere \u00fcber 150 m\u00fchevoll geschriebenen Weihnachtskarten wurden den beiden Pflegeheimen &#8222;Seniorenresidenz Alte &hellip; <\/p>\n","protected":false},"author":1,"featured_media":0,"parent":0,"menu_order":0,"comment_status":"closed","ping_status":"closed","template":"","meta":{"ngg_post_thumbnail":0,"footnotes":""},"_links":{"self":[{"href":"https:\/\/grundschule-lauenhagen.de\/index.php?rest_route=\/wp\/v2\/pages\/5094"}],"collection":[{"href":"https:\/\/grundschule-lauenhagen.de\/index.php?rest_route=\/wp\/v2\/pages"}],"about":[{"href":"https:\/\/grundschule-lauenhagen.de\/index.php?rest_route=\/wp\/v2\/types\/page"}],"author":[{"embeddable":true,"href":"https:\/\/grundschule-lauenhagen.de\/index.php?rest_route=\/wp\/v2\/users\/1"}],"replies":[{"embeddable":true,"href":"https:\/\/grundschule-lauenhagen.de\/index.php?rest_route=%2Fwp%2Fv2%2Fcomments&post=5094"}],"version-history":[{"count":4,"href":"https:\/\/grundschule-lauenhagen.de\/index.php?rest_route=\/wp\/v2\/pages\/5094\/revisions"}],"predecessor-version":[{"id":5152,"href":"https:\/\/grundschule-lauenhagen.de\/index.php?rest_route=\/wp\/v2\/pages\/5094\/revisions\/5152"}],"wp:attachment":[{"href":"https:\/\/grundschule-lauenhagen.de\/index.php?rest_route=%2Fwp%2Fv2%2Fmedia&parent=5094"}],"curies":[{"name":"wp","href":"https:\/\/api.w.org\/{rel}","templated":true}]}}