{"id":5126,"date":"2025-12-23T09:17:38","date_gmt":"2025-12-23T08:17:38","guid":{"rendered":"https:\/\/grundschule-lauenhagen.de\/?page_id=5126"},"modified":"2026-04-15T11:55:25","modified_gmt":"2026-04-15T09:55:25","slug":"planetenweg","status":"publish","type":"page","link":"https:\/\/grundschule-lauenhagen.de\/?page_id=5126","title":{"rendered":"Er\u00f6ffnung unseres Planetenwegs 2026"},"content":{"rendered":"\n<p>Am 09.04.2026 war es endlich so weit! Unser, von Herrn Banser organisierter, Planetenweg wurde in gro\u00dfer Runde feierlich er\u00f6ffnet. <br><br>Zum Verzehr<br> standen Raketen-Bockw\u00fcrstchen, Planetenkekse und Ufo-Muffins gegen eine Spende f\u00fcr unseren Schulf\u00f6rderverein bereit &#8211; Herzlichen Dank an die aufwendigen Kuchenspenden unserer Erziehungsberechtigten! <br><br>Im Anschluss an eine mitrei\u00dfende Rede von Herrn Banser, unserer Schulleiterin Frau Radecke und unserem Ortsb\u00fcrgermeister Herrn Krickhahn, einen gro\u00dfartigen Auftritt unserer Plattdeutsch-AG (Leitung Frau Bock) und ein gemeinsames Singen unserer Sch\u00fcler\/-innen durften alle den Planetenweg erkunden &#8211; Der Tag wird in sch\u00f6ner Erinnerung bleiben! <br><br>Einen herzlichen Dank an alle, die diesen Tag unvergesslich gemacht haben!<\/p>\n\n\n\n<div class=\"wp-block-group\"><div class=\"wp-block-group__inner-container is-layout-constrained wp-block-group-is-layout-constrained\">\n<div class=\"wp-block-columns is-layout-flex wp-container-core-columns-is-layout-2 wp-block-columns-is-layout-flex\">\n<div class=\"wp-block-column is-layout-flow wp-block-column-is-layout-flow\" style=\"flex-basis:100%\">\n<div class=\"wp-block-columns is-layout-flex wp-container-core-columns-is-layout-1 wp-block-columns-is-layout-flex\">\n<div class=\"wp-block-column is-layout-flow wp-block-column-is-layout-flow\" style=\"flex-basis:100%\">\n<div class=\"wp-block-cover\"><span aria-hidden=\"true\" class=\"wp-block-cover__background has-background-dim\"><\/span><img loading=\"lazy\" decoding=\"async\" width=\"800\" height=\"600\" class=\"wp-block-cover__image-background wp-image-5347\" alt=\"\" src=\"https:\/\/grundschule-lauenhagen.de\/wp-content\/uploads\/2026\/04\/P1.jpg\" data-object-fit=\"cover\" srcset=\"https:\/\/grundschule-lauenhagen.de\/wp-content\/uploads\/2026\/04\/P1.jpg 800w, https:\/\/grundschule-lauenhagen.de\/wp-content\/uploads\/2026\/04\/P1-300x225.jpg 300w, https:\/\/grundschule-lauenhagen.de\/wp-content\/uploads\/2026\/04\/P1-768x576.jpg 768w\" sizes=\"(max-width: 800px) 100vw, 800px\" \/><div class=\"wp-block-cover__inner-container is-layout-flow wp-block-cover-is-layout-flow\">\n<p class=\"has-text-align-center has-large-font-size\"><mark style=\"background-color:rgba(0, 0, 0, 0)\" class=\"has-inline-color has-white-color\"><strong>Feierliche Er\u00f6ffnung unseres neuen Planetenwegs<\/strong><\/mark><\/p>\n\n\n\n<p>Ein gro\u00dfer Dank geht an Herrn Banser, der f\u00fcr die Organisation und Durchf\u00fchrung verantwortlich war!<\/p>\n<\/div><\/div>\n<\/div>\n<\/div>\n\n\n\n<figure class=\"wp-block-gallery has-nested-images columns-default is-cropped wp-block-gallery-1 is-layout-flex wp-block-gallery-is-layout-flex\">\n<figure class=\"wp-block-image size-large\"><img loading=\"lazy\" decoding=\"async\" width=\"800\" height=\"600\" src=\"https:\/\/grundschule-lauenhagen.de\/wp-content\/uploads\/2026\/04\/P2-1.jpg\" alt=\"\" class=\"wp-image-5354\" srcset=\"https:\/\/grundschule-lauenhagen.de\/wp-content\/uploads\/2026\/04\/P2-1.jpg 800w, https:\/\/grundschule-lauenhagen.de\/wp-content\/uploads\/2026\/04\/P2-1-300x225.jpg 300w, https:\/\/grundschule-lauenhagen.de\/wp-content\/uploads\/2026\/04\/P2-1-768x576.jpg 768w\" sizes=\"(max-width: 800px) 100vw, 800px\" \/><\/figure>\n<\/figure>\n<\/div>\n<\/div>\n<\/div><\/div>\n\n\n\n<div class=\"wp-block-columns is-layout-flex wp-container-core-columns-is-layout-3 wp-block-columns-is-layout-flex\">\n<div class=\"wp-block-column is-layout-flow wp-block-column-is-layout-flow\">\n<figure class=\"wp-block-image size-full\"><img loading=\"lazy\" decoding=\"async\" width=\"800\" height=\"601\" src=\"https:\/\/grundschule-lauenhagen.de\/wp-content\/uploads\/2026\/04\/P7.jpg\" alt=\"\" class=\"wp-image-5357\" srcset=\"https:\/\/grundschule-lauenhagen.de\/wp-content\/uploads\/2026\/04\/P7.jpg 800w, https:\/\/grundschule-lauenhagen.de\/wp-content\/uploads\/2026\/04\/P7-300x225.jpg 300w, https:\/\/grundschule-lauenhagen.de\/wp-content\/uploads\/2026\/04\/P7-768x577.jpg 768w\" sizes=\"(max-width: 800px) 100vw, 800px\" \/><\/figure>\n<\/div>\n\n\n\n<div class=\"wp-block-column is-layout-flow wp-block-column-is-layout-flow\">\n<figure class=\"wp-block-image size-full\"><img loading=\"lazy\" decoding=\"async\" width=\"800\" height=\"601\" src=\"https:\/\/grundschule-lauenhagen.de\/wp-content\/uploads\/2026\/04\/P8.jpg\" alt=\"\" class=\"wp-image-5358\" srcset=\"https:\/\/grundschule-lauenhagen.de\/wp-content\/uploads\/2026\/04\/P8.jpg 800w, https:\/\/grundschule-lauenhagen.de\/wp-content\/uploads\/2026\/04\/P8-300x225.jpg 300w, https:\/\/grundschule-lauenhagen.de\/wp-content\/uploads\/2026\/04\/P8-768x577.jpg 768w\" sizes=\"(max-width: 800px) 100vw, 800px\" \/><\/figure>\n<\/div>\n<\/div>\n\n\n\n<div class=\"wp-block-columns is-layout-flex wp-container-core-columns-is-layout-4 wp-block-columns-is-layout-flex\">\n<div class=\"wp-block-column is-layout-flow wp-block-column-is-layout-flow\">\n<figure class=\"wp-block-image size-full\"><img loading=\"lazy\" decoding=\"async\" width=\"600\" height=\"800\" src=\"https:\/\/grundschule-lauenhagen.de\/wp-content\/uploads\/2026\/04\/P4-rotated.jpg\" alt=\"\" class=\"wp-image-5361\" srcset=\"https:\/\/grundschule-lauenhagen.de\/wp-content\/uploads\/2026\/04\/P4-rotated.jpg 600w, https:\/\/grundschule-lauenhagen.de\/wp-content\/uploads\/2026\/04\/P4-225x300.jpg 225w\" sizes=\"(max-width: 600px) 100vw, 600px\" \/><\/figure>\n<\/div>\n\n\n\n<div class=\"wp-block-column is-layout-flow wp-block-column-is-layout-flow\">\n<figure class=\"wp-block-image size-full\"><img loading=\"lazy\" decoding=\"async\" width=\"429\" height=\"800\" src=\"https:\/\/grundschule-lauenhagen.de\/wp-content\/uploads\/2026\/04\/P5.jpg\" alt=\"\" class=\"wp-image-5363\" srcset=\"https:\/\/grundschule-lauenhagen.de\/wp-content\/uploads\/2026\/04\/P5.jpg 429w, https:\/\/grundschule-lauenhagen.de\/wp-content\/uploads\/2026\/04\/P5-161x300.jpg 161w\" sizes=\"(max-width: 429px) 100vw, 429px\" \/><\/figure>\n<\/div>\n\n\n\n<div class=\"wp-block-column is-layout-flow wp-block-column-is-layout-flow\">\n<figure class=\"wp-block-image size-full\"><img loading=\"lazy\" decoding=\"async\" width=\"600\" height=\"800\" src=\"https:\/\/grundschule-lauenhagen.de\/wp-content\/uploads\/2026\/04\/P3-1-rotated.jpg\" alt=\"\" class=\"wp-image-5364\" srcset=\"https:\/\/grundschule-lauenhagen.de\/wp-content\/uploads\/2026\/04\/P3-1-rotated.jpg 600w, https:\/\/grundschule-lauenhagen.de\/wp-content\/uploads\/2026\/04\/P3-1-225x300.jpg 225w\" sizes=\"(max-width: 600px) 100vw, 600px\" \/><\/figure>\n<\/div>\n<\/div>\n","protected":false},"excerpt":{"rendered":"<p>Am 09.04.2026 war es endlich so weit! Unser, von Herrn Banser organisierter, Planetenweg wurde in gro\u00dfer Runde feierlich er\u00f6ffnet. Zum &hellip; <\/p>\n","protected":false},"author":1,"featured_media":0,"parent":0,"menu_order":0,"comment_status":"closed","ping_status":"closed","template":"","meta":{"ngg_post_thumbnail":0,"footnotes":""},"_links":{"self":[{"href":"https:\/\/grundschule-lauenhagen.de\/index.php?rest_route=\/wp\/v2\/pages\/5126"}],"collection":[{"href":"https:\/\/grundschule-lauenhagen.de\/index.php?rest_route=\/wp\/v2\/pages"}],"about":[{"href":"https:\/\/grundschule-lauenhagen.de\/index.php?rest_route=\/wp\/v2\/types\/page"}],"author":[{"embeddable":true,"href":"https:\/\/grundschule-lauenhagen.de\/index.php?rest_route=\/wp\/v2\/users\/1"}],"replies":[{"embeddable":true,"href":"https:\/\/grundschule-lauenhagen.de\/index.php?rest_route=%2Fwp%2Fv2%2Fcomments&post=5126"}],"version-history":[{"count":30,"href":"https:\/\/grundschule-lauenhagen.de\/index.php?rest_route=\/wp\/v2\/pages\/5126\/revisions"}],"predecessor-version":[{"id":5401,"href":"https:\/\/grundschule-lauenhagen.de\/index.php?rest_route=\/wp\/v2\/pages\/5126\/revisions\/5401"}],"wp:attachment":[{"href":"https:\/\/grundschule-lauenhagen.de\/index.php?rest_route=%2Fwp%2Fv2%2Fmedia&parent=5126"}],"curies":[{"name":"wp","href":"https:\/\/api.w.org\/{rel}","templated":true}]}}