{"id":5254,"date":"2026-03-03T13:46:19","date_gmt":"2026-03-03T12:46:19","guid":{"rendered":"https:\/\/grundschule-lauenhagen.de\/?page_id=5254"},"modified":"2026-03-03T13:46:20","modified_gmt":"2026-03-03T12:46:20","slug":"astronomischer-beobachtungsabend","status":"publish","type":"page","link":"https:\/\/grundschule-lauenhagen.de\/?page_id=5254","title":{"rendered":"Astronomischer Beobachtungsabend"},"content":{"rendered":"\n<p>Am Abend des 25. Februar verwandelte sich das Gel\u00e4nde der Grundschule Lauenhagen in einen kleinen Beobachtungsposten f\u00fcr Hobbyastronomen. Zahlreiche interessierte Sch\u00fclerinnen und Sch\u00fcler und Eltern folgten der Einladung zu einem astronomischen Beobachtungsabend \u2013 und wurden mit besten Bedingungen belohnt: Ein wolkenloser Himmel erm\u00f6glichte eindrucksvolle Blicke ins All.<\/p>\n\n\n\n<p>Mit einem Amateurteleskop, das Lehrer Martin Banser zur Verf\u00fcgung stellte, konnten die Teilnehmenden zun\u00e4chst den Mond genauer unter die Lupe nehmen. Deutlich zeichneten sich Krater und Gebirgsz\u00fcge auf seiner Oberfl\u00e4che ab. Mit zunehmender Dunkelheit r\u00fcckte dann der Planet Jupiter in den Fokus. Schon mit blo\u00dfem Auge als heller Punkt am Himmel erkennbar, offenbarte er durch das Teleskop sogar Wolkenstrukturen. Besonders beeindruckend: Auch die vier Galileischen Monde waren klar zu sehen.<\/p>\n\n\n\n<p>Trotz der langen Schlange vor dem Okular bewiesen die Besucherinnen und Besucher Geduld. Immer wieder waren begeisterte \u201eAh\u201c- und \u201eOh\u201c-Rufe zu h\u00f6ren, wenn sich der Blick durch das Teleskop \u00f6ffnete und neue Details sichtbar wurden.<\/p>\n\n\n\n<p>Der Beobachtungsabend stand zugleich im Zeichen eines gr\u00f6\u00dferen Projekts: Unter dem Motto \u201ePlanetenweg\u201c soll in K\u00fcrze ein ma\u00dfstabsgetreuer Planetenpfad vom Bauernhaus bis zur Schule entstehen. Die Veranstaltung bot damit nicht nur faszinierende Einblicke in den Nachthimmel, sondern auch einen Vorgeschmack auf das kommende Vorhaben.<\/p>\n\n\n\n<figure class=\"wp-block-image size-large\"><img loading=\"lazy\" decoding=\"async\" width=\"1024\" height=\"768\" src=\"https:\/\/grundschule-lauenhagen.de\/wp-content\/uploads\/2026\/03\/Beobachtungsabend-1024x768.jpeg\" alt=\"\" class=\"wp-image-5255\" srcset=\"https:\/\/grundschule-lauenhagen.de\/wp-content\/uploads\/2026\/03\/Beobachtungsabend-1024x768.jpeg 1024w, https:\/\/grundschule-lauenhagen.de\/wp-content\/uploads\/2026\/03\/Beobachtungsabend-300x225.jpeg 300w, https:\/\/grundschule-lauenhagen.de\/wp-content\/uploads\/2026\/03\/Beobachtungsabend-768x576.jpeg 768w, https:\/\/grundschule-lauenhagen.de\/wp-content\/uploads\/2026\/03\/Beobachtungsabend-1536x1152.jpeg 1536w, https:\/\/grundschule-lauenhagen.de\/wp-content\/uploads\/2026\/03\/Beobachtungsabend.jpeg 2048w\" sizes=\"(max-width: 1024px) 100vw, 1024px\" \/><\/figure>\n","protected":false},"excerpt":{"rendered":"<p>Am Abend des 25. Februar verwandelte sich das Gel\u00e4nde der Grundschule Lauenhagen in einen kleinen Beobachtungsposten f\u00fcr Hobbyastronomen. Zahlreiche interessierte &hellip; <\/p>\n","protected":false},"author":1,"featured_media":0,"parent":0,"menu_order":0,"comment_status":"closed","ping_status":"closed","template":"","meta":{"ngg_post_thumbnail":0,"footnotes":""},"_links":{"self":[{"href":"https:\/\/grundschule-lauenhagen.de\/index.php?rest_route=\/wp\/v2\/pages\/5254"}],"collection":[{"href":"https:\/\/grundschule-lauenhagen.de\/index.php?rest_route=\/wp\/v2\/pages"}],"about":[{"href":"https:\/\/grundschule-lauenhagen.de\/index.php?rest_route=\/wp\/v2\/types\/page"}],"author":[{"embeddable":true,"href":"https:\/\/grundschule-lauenhagen.de\/index.php?rest_route=\/wp\/v2\/users\/1"}],"replies":[{"embeddable":true,"href":"https:\/\/grundschule-lauenhagen.de\/index.php?rest_route=%2Fwp%2Fv2%2Fcomments&post=5254"}],"version-history":[{"count":1,"href":"https:\/\/grundschule-lauenhagen.de\/index.php?rest_route=\/wp\/v2\/pages\/5254\/revisions"}],"predecessor-version":[{"id":5256,"href":"https:\/\/grundschule-lauenhagen.de\/index.php?rest_route=\/wp\/v2\/pages\/5254\/revisions\/5256"}],"wp:attachment":[{"href":"https:\/\/grundschule-lauenhagen.de\/index.php?rest_route=%2Fwp%2Fv2%2Fmedia&parent=5254"}],"curies":[{"name":"wp","href":"https:\/\/api.w.org\/{rel}","templated":true}]}}