{"id":559,"date":"2020-01-29T17:06:22","date_gmt":"2020-01-29T16:06:22","guid":{"rendered":"http:\/\/grundschule-lauenhagen.de\/?page_id=559"},"modified":"2025-09-12T13:09:35","modified_gmt":"2025-09-12T11:09:35","slug":"schuelerrat","status":"publish","type":"page","link":"https:\/\/grundschule-lauenhagen.de\/?page_id=559","title":{"rendered":"Sch\u00fclerrat"},"content":{"rendered":"\n<p>Der Sch\u00fclerrat im Schuljahr 2025\/26<\/p>\n\n\n\n<p>Sch\u00fclersprecherin und Sch\u00fclersprecher sind Marie Sophie Mensching, und Niklas Paul.<\/p>\n\n\n\n<p>Der Sch\u00fclerrat der Grundschule Lauenhagen besteht aus beiden KlassensprecherInnen der Klassen 1 \u2013 4.<br>Jede anwesende Klassensprecherin\/jeder anwesende Klassensprecher hat eine Stimme.<br>Die Mitglieder des Sch\u00fclerrates treffen sich min. 1 Mal pro Quartal, um \u00fcber Aktionen oder Probleme an der Schule zu sprechen. Damit ein verl\u00e4sslicher Rahmen geschaffen wird, der die Bedeutung der Arbeit unterstreicht, ist von jeder Versammlung ein Kurzprotokoll anzufertigen.<\/p>\n\n\n\n<p>Der Schulsprecher und die Schulsprecherin<br>Der Sch\u00fclerrat w\u00e4hlt in der ersten Sitzung eines neuen Schuljahres aus seiner Mitte einen Schulsprecher und eine Schulsprecherin. Diese Vertreter sind f\u00fcr jeweils ein Schuljahr gew\u00e4hlt.<br>Der Schulsprecher und die Schulsprecherin tragen bei Bedarf die W\u00fcnsche und Anregungen des Sch\u00fclerrates den Mitgliedern in einer Gesamtkonferenz vor.<br>Sie informieren bei Bedarf \u00fcber die Arbeit des Sch\u00fclerrates.<br>Sie vertreten die Sch\u00fclerschaft der GS Lauenhagen bei offiziellen Veranstaltungen (z. B. bei schulischen Veranstaltungen wie Sportfeste, Schulfeste, Verabschiedungen, o. \u00e4.).<\/p>\n\n\n\n<p>Ziele der Sch\u00fclerratsarbeit<br>Die Sch\u00fclerinnen und Sch\u00fcler des Sch\u00fclerrates <br>gestalten ihr Zusammenleben und st\u00e4rken die Gemeinschaft innerhalb unserer Schule.<br>reflektieren \u00fcber soziale Prozesse in ihrem Schulleben.<br>entwickeln eigene Ideen, welche M\u00f6glichkeiten der Verantwortungs\u00fcbernahme es an unserer Schule gibt.<br>trainieren ihre Kommunikationsf\u00e4higkeiten und erwerben Sozialkompetenzen.<br>lernen im gesch\u00fctzten Rahmen, selbst Demokratie zu gestalten.<\/p>\n\n\n\n<p>Kontaktlehrer Herr Banser leitet bis auf Widerruf den Sch\u00fclerrat.<\/p>\n\n\n\n<figure class=\"wp-block-image size-large\"><a href=\"http:\/\/grundschule-lauenhagen.de\/wp-content\/uploads\/2020\/01\/Schulmotto-3.jpg\"><img loading=\"lazy\" decoding=\"async\" width=\"200\" height=\"275\" src=\"http:\/\/grundschule-lauenhagen.de\/wp-content\/uploads\/2020\/01\/Schulmottok.jpg\" alt=\"\" class=\"wp-image-562\"\/><\/a><figcaption class=\"wp-element-caption\">Der Sch\u00fclerrat hat an drei Sitzungen im Schuljahr 16\/17 ein Schulmotto erarbeitet, dass f\u00fcr alle Sch\u00fcler unserer Schule gelten soll. Wenn sich alle Beteiligten daran halten, f\u00fchlen wir uns an unserer Schule wohl!<\/figcaption><\/figure>\n\n\n\n<p><strong>Die wichtigsten Antworten aus der Umfrage vom Kultusministerium<\/strong><\/p>\n\n\n\n<p>Das Wichtigste in der Schule ist im Moment f\u00fcr mich&#8230;<\/p>\n\n\n\n<ol>\n<li>dass die Freunde in der Schule sind.<\/li>\n\n\n\n<li>dass wir die Lehrer sprechen k\u00f6nnen.<\/li>\n\n\n\n<li>die Hilfsbereitschaft innerhalb der Schulgemeinschaft.<\/li>\n\n\n\n<li>dass wir uns in Pr\u00e4senz sehen k\u00f6nnen.<\/li>\n\n\n\n<li>dass wir alle gesund sind.<\/li>\n<\/ol>\n\n\n\n<p>Schule sollte momentan vor allem eins leisten, n\u00e4mlich&#8230;<\/p>\n\n\n\n<ol>\n<li>dass die Schule offen bleibt.<\/li>\n\n\n\n<li>dass Klassenfahrten wieder zugelassen werden.<\/li>\n\n\n\n<li>dass der Zusammenhalt gef\u00f6rdert wird.<\/li>\n\n\n\n<li>dass Veranstaltungen (Projekte) erm\u00f6glicht werden.<\/li>\n\n\n\n<li>dass wir aufeinander achten.<\/li>\n<\/ol>\n\n\n\n<p>Durch die Corona-Pandemie habe ich gelernt&#8230;<\/p>\n\n\n\n<ol>\n<li>dass die Hygieneregeln eingehalten werden m\u00fcssen.<\/li>\n\n\n\n<li>dass Krankheiten nicht zu untersch\u00e4tzen sind.<\/li>\n\n\n\n<li>wie wichtig der Zusammenhalt ist.<\/li>\n\n\n\n<li>dass man auf andere Personen achten soll.<\/li>\n\n\n\n<li>dass die Jahre gef\u00fchlt schneller vergehen.<\/li>\n<\/ol>\n","protected":false},"excerpt":{"rendered":"<p>Der Sch\u00fclerrat im Schuljahr 2025\/26 Sch\u00fclersprecherin und Sch\u00fclersprecher sind Marie Sophie Mensching, und Niklas Paul. Der Sch\u00fclerrat der Grundschule Lauenhagen &hellip; <\/p>\n","protected":false},"author":1,"featured_media":0,"parent":0,"menu_order":0,"comment_status":"closed","ping_status":"closed","template":"","meta":{"ngg_post_thumbnail":0,"footnotes":""},"_links":{"self":[{"href":"https:\/\/grundschule-lauenhagen.de\/index.php?rest_route=\/wp\/v2\/pages\/559"}],"collection":[{"href":"https:\/\/grundschule-lauenhagen.de\/index.php?rest_route=\/wp\/v2\/pages"}],"about":[{"href":"https:\/\/grundschule-lauenhagen.de\/index.php?rest_route=\/wp\/v2\/types\/page"}],"author":[{"embeddable":true,"href":"https:\/\/grundschule-lauenhagen.de\/index.php?rest_route=\/wp\/v2\/users\/1"}],"replies":[{"embeddable":true,"href":"https:\/\/grundschule-lauenhagen.de\/index.php?rest_route=%2Fwp%2Fv2%2Fcomments&post=559"}],"version-history":[{"count":20,"href":"https:\/\/grundschule-lauenhagen.de\/index.php?rest_route=\/wp\/v2\/pages\/559\/revisions"}],"predecessor-version":[{"id":4826,"href":"https:\/\/grundschule-lauenhagen.de\/index.php?rest_route=\/wp\/v2\/pages\/559\/revisions\/4826"}],"wp:attachment":[{"href":"https:\/\/grundschule-lauenhagen.de\/index.php?rest_route=%2Fwp%2Fv2%2Fmedia&parent=559"}],"curies":[{"name":"wp","href":"https:\/\/api.w.org\/{rel}","templated":true}]}}